{"id":16,"date":"2013-12-06T13:00:28","date_gmt":"2013-12-06T13:00:28","guid":{"rendered":"http:\/\/ideateam.stor.altiweb.no\/?page_id=16"},"modified":"2017-03-01T11:18:55","modified_gmt":"2017-03-01T11:18:55","slug":"services","status":"publish","type":"page","link":"https:\/\/www.ideateam.no\/no\/tjenester\/","title":{"rendered":"Tjenester"},"content":{"rendered":"<p>IDEA Engineering innehar en omfattende kompetanse med h\u00f8yt kvalifiserte ingeni\u00f8rer og avansert programvare.<br \/>\nVi gj\u00f8r alt fra enkle, manuelle beregninger til avanserte FEM-analyser av komplekse konstruksjonsdetaljer.<\/p>\n<p>Vi gir deg:<\/p>\n<ul>\n<li>Raskt og effektivt design, analyse og kode-sjekk av konstruksjoner.<\/li>\n<li>Avanserte beregninger som omfatter lin\u00e6r og ikke-lin\u00e6r geometri, material- og lastkonfigurering.<\/li>\n<li>Avansert FEM-analyse av komplekse konstruksjonsdetaljer, ogs\u00e5 mekaniske.<\/li>\n<li>Utvikling av detaljerte FEM-modeller for \u00e5 finne &#8216;hot-spot&#8217; spenninger til st\u00f8tte for utmattingsberegninger.<\/li>\n<\/ul>\n<p>Vi utf\u00f8rer design og beregninger av:<\/p>\n<ul>\n<li>Undervannskonstruksjoner<\/li>\n<li>Onshore og offshore konstruksjoner<\/li>\n<li>R\u00f8rsystemer<\/li>\n<li>Brukonstruksjoner<\/li>\n<li>Bygninger<\/li>\n<li>Marine operasjoner<\/li>\n<li>Sj\u00f8transport og sj\u00f8sikring<\/li>\n<\/ul>\n<p><img loading=\"lazy\" decoding=\"async\" alt=\"godfather\" src=\"https:\/\/www.ideateam.no\/images\/stories\/filer\/prosjekter\/godfather.jpg\" width=\"568\" height=\"316\" \/><\/p>\n","protected":false},"excerpt":{"rendered":"<p>IDEA Engineering innehar en omfattende kompetanse med h\u00f8yt kvalifiserte ingeni\u00f8rer og avansert programvare. Vi gj\u00f8r alt fra enkle, manuelle beregninger til avanserte FEM-analyser av komplekse konstruksjonsdetaljer. Vi gir deg: Raskt og effektivt design, analyse og kode-sjekk av konstruksjoner. Avanserte beregninger som omfatter lin\u00e6r og ikke-lin\u00e6r geometri, material- og lastkonfigurering. Avansert FEM-analyse av komplekse konstruksjonsdetaljer, ogs\u00e5&hellip;<\/p>\n<p><a class=\"more-link\" href=\"https:\/\/www.ideateam.no\/no\/tjenester\/\" title=\"Continue reading &lsquo;Tjenester&rsquo;\">Continue reading <span class=\"meta-nav\">&rarr;<\/span><\/a><\/p>\n","protected":false},"author":5,"featured_media":0,"parent":0,"menu_order":0,"comment_status":"open","ping_status":"open","template":"","meta":{"ngg_post_thumbnail":0,"footnotes":""},"class_list":["post-16","page","type-page","status-publish","hentry"],"_links":{"self":[{"href":"https:\/\/www.ideateam.no\/no\/wp-json\/wp\/v2\/pages\/16","targetHints":{"allow":["GET"]}}],"collection":[{"href":"https:\/\/www.ideateam.no\/no\/wp-json\/wp\/v2\/pages"}],"about":[{"href":"https:\/\/www.ideateam.no\/no\/wp-json\/wp\/v2\/types\/page"}],"author":[{"embeddable":true,"href":"https:\/\/www.ideateam.no\/no\/wp-json\/wp\/v2\/users\/5"}],"replies":[{"embeddable":true,"href":"https:\/\/www.ideateam.no\/no\/wp-json\/wp\/v2\/comments?post=16"}],"version-history":[{"count":6,"href":"https:\/\/www.ideateam.no\/no\/wp-json\/wp\/v2\/pages\/16\/revisions"}],"predecessor-version":[{"id":273,"href":"https:\/\/www.ideateam.no\/no\/wp-json\/wp\/v2\/pages\/16\/revisions\/273"}],"wp:attachment":[{"href":"https:\/\/www.ideateam.no\/no\/wp-json\/wp\/v2\/media?parent=16"}],"curies":[{"name":"wp","href":"https:\/\/api.w.org\/{rel}","templated":true}]}}