{"id":5,"date":"2013-12-06T09:41:25","date_gmt":"2013-12-06T09:41:25","guid":{"rendered":"http:\/\/ideateam.stor.altiweb.no\/?page_id=5"},"modified":"2016-05-31T13:46:35","modified_gmt":"2016-05-31T13:46:35","slug":"welcome-to-idea-engineering","status":"publish","type":"page","link":"https:\/\/www.ideateam.no\/no\/","title":{"rendered":"Velkommen til Idea Engineering"},"content":{"rendered":"<h1>Velkommen til IDEA Engineering og IDEA Solutions<\/h1>\n<hr \/>\n<p>IDEA Engineering AS er et\u00a0ingeni\u00f8rfirma som ble etablert i 2005. IDEA Solutions AS er et\u00a0ingeni\u00f8rfirma som ble\u00a0etablert i\u00a02014. Begge firmaene\u00a0er spesialisert innenfor konstruksjonsanalyse og styrkeberegninger. IDEA Engineering AS\u00a0har sitt arbeidsfelt innenfor <strong>olje&amp;gass<\/strong>. IDEA Solutions AS har sitt arbeidsfelt innenfor<\/p>\n<ul>\n<li>industri<\/li>\n<li>bygg<\/li>\n<li>brukonstruksjoner.<\/li>\n<li>fiskeoppdrettsanlegg<\/li>\n<\/ul>\n<p>V\u00e5re medarbeidere er ingeni\u00f8rer og sivilingeni\u00f8rer med mange \u00e5rs bred arbeidserfaring. Vi legger stor vekt p\u00e5 en kontinuerlig opparbeidelse og vedlikehold av v\u00e5re medarbeideres kompetanse knyttet til bl.a. de markedsledende verkt\u00f8y innen design og avanserte beregninger. V\u00e5r hovedaktivitet er innen fagfeltet st\u00e5lkonstruksjoner, men vi har ogs\u00e5 kompetanse p\u00e5 betong-, tre- og aluminiumskonstruksjoner. I tillegg utf\u00f8rer vi beregninger av marine operasjoner, samt styrkeberegning av r\u00f8r (pipe stress analysis). IDEA Engineering og IDEA Solutions har fokus p\u00e5 kvalitet i hvert eneste ledd i prosjekteringen. Vi kan gi v\u00e5re kunder r\u00e5dgivning i enhver fase av prosjektet. Med dette oppn\u00e5r man ogs\u00e5 \u00e5 f\u00e5 den mest mulig kostnadseffektive l\u00f8sningen. V\u00e5r visjon er \u00e5 v\u00e6re v\u00e5re kunders mest ettertraktede konsulent gjennom utmerkede tjenesteytelser og dyktige mennesker. IDEA Engineering og IDEA Solutions holder til p\u00e5 Stathelle i Telemark.<\/p>\n<hr \/>\n<p><strong>IDEATEAM<\/strong> IDEA Engineering AS samarbeider med IDEA Consultants AS. IDEA Consultants AS er et rekrutterings- og bemanningsselskap som ansetter konsulenter for utleie til kunden. Gjennom ressursbanken til IDEA Consultants har IDEA Engineering AS muligheter til \u00e5 p\u00e5ta seg store prosjekter.<\/p>\n","protected":false},"excerpt":{"rendered":"<p>Velkommen til IDEA Engineering og IDEA Solutions IDEA Engineering AS er et\u00a0ingeni\u00f8rfirma som ble etablert i 2005. IDEA Solutions AS er et\u00a0ingeni\u00f8rfirma som ble\u00a0etablert i\u00a02014. Begge firmaene\u00a0er spesialisert innenfor konstruksjonsanalyse og styrkeberegninger. IDEA Engineering AS\u00a0har sitt arbeidsfelt innenfor olje&amp;gass. IDEA Solutions AS har sitt arbeidsfelt innenfor industri bygg brukonstruksjoner. fiskeoppdrettsanlegg V\u00e5re medarbeidere er ingeni\u00f8rer og&hellip;<\/p>\n<p><a class=\"more-link\" href=\"https:\/\/www.ideateam.no\/no\/\" title=\"Continue reading &lsquo;Velkommen til Idea Engineering&rsquo;\">Continue reading <span class=\"meta-nav\">&rarr;<\/span><\/a><\/p>\n","protected":false},"author":5,"featured_media":0,"parent":0,"menu_order":0,"comment_status":"closed","ping_status":"closed","template":"","meta":{"ngg_post_thumbnail":0,"footnotes":""},"class_list":["post-5","page","type-page","status-publish","hentry"],"_links":{"self":[{"href":"https:\/\/www.ideateam.no\/no\/wp-json\/wp\/v2\/pages\/5","targetHints":{"allow":["GET"]}}],"collection":[{"href":"https:\/\/www.ideateam.no\/no\/wp-json\/wp\/v2\/pages"}],"about":[{"href":"https:\/\/www.ideateam.no\/no\/wp-json\/wp\/v2\/types\/page"}],"author":[{"embeddable":true,"href":"https:\/\/www.ideateam.no\/no\/wp-json\/wp\/v2\/users\/5"}],"replies":[{"embeddable":true,"href":"https:\/\/www.ideateam.no\/no\/wp-json\/wp\/v2\/comments?post=5"}],"version-history":[{"count":16,"href":"https:\/\/www.ideateam.no\/no\/wp-json\/wp\/v2\/pages\/5\/revisions"}],"predecessor-version":[{"id":206,"href":"https:\/\/www.ideateam.no\/no\/wp-json\/wp\/v2\/pages\/5\/revisions\/206"}],"wp:attachment":[{"href":"https:\/\/www.ideateam.no\/no\/wp-json\/wp\/v2\/media?parent=5"}],"curies":[{"name":"wp","href":"https:\/\/api.w.org\/{rel}","templated":true}]}}