{"id":53,"date":"2013-12-06T14:03:08","date_gmt":"2013-12-06T14:03:08","guid":{"rendered":"http:\/\/ideateam.stor.altiweb.no\/no\/?page_id=53"},"modified":"2017-03-01T11:14:34","modified_gmt":"2017-03-01T11:14:34","slug":"bridges","status":"publish","type":"page","link":"https:\/\/www.ideateam.no\/no\/broer\/","title":{"rendered":"Broer"},"content":{"rendered":"<p><strong>Referanser &#8211; Broer:<\/strong><\/p>\n<p><span style=\"text-decoration: underline;\">Detaljprosjektering<\/span>:<\/p>\n<ul>\n<li><em>Bruer p\u00e5 Rv. 78, Parsell Holand-Leirosen. St\u00e5lbjelkebruer med samvirke st\u00e5l\/betong. Ett- og tre-spenns bruer.<\/em><\/li>\n<li><em>Fjesetbrua, S\u00f8r-Tr\u00f8ndelag. St\u00e5lbjelkebru med samvirke st\u00e5l\/betong. Tre spenn, brulengde 205meter (2&#215;87.5 + 30).<\/em><\/li>\n<\/ul>\n<p><span style=\"text-decoration: underline;\">Montasjeplaner og -beregninger for montering av st\u00e5lbruer, f.eks.:<\/span><\/p>\n<ul>\n<li><em>Fjesetbrua, st\u00e5lbjelkebru, S\u00f8r-Tr\u00f8ndelag. Lansering i kurve.<\/em><\/li>\n<li><em>Partihallsbroarna, G\u00f6teborg, med lengde 1,2km som binder sammen motorvei E20 og E45. <\/em><br \/>\n<em>Montering av st\u00e5lkasseb\u00e6rere ble utf\u00f8rt under krevende forhold med elv, motorvei, jernbane og sporvei under. <\/em><br \/>\n<em><strong>IDEA Engineering AS<\/strong> hadde ansvaret for montasjeplanene og utf\u00f8rte n\u00f8dvendige beregninger for de ulike montasjefasene. <\/em><br \/>\n<em>Oppdragsgiver: <strong>RUUKKI<\/strong>.<\/em><\/li>\n<\/ul>\n<p><img loading=\"lazy\" decoding=\"async\" alt=\"IMG_4060\" src=\"https:\/\/www.ideateam.no\/images\/stories\/bilder\/phocagallery\/IMG_4060.jpg\" width=\"282\" height=\"212\" \/><\/p>\n<p>Link til video som viser montering av kasseb\u00e6rere: <a title=\"Partihallsbroarna\" href=\"http:\/\/www.youtube.com\/watch?v=vdILX5vYWLU\" target=\"_blank\">RUUKKI<\/a><\/p>\n","protected":false},"excerpt":{"rendered":"<p>Referanser &#8211; Broer: Detaljprosjektering: Bruer p\u00e5 Rv. 78, Parsell Holand-Leirosen. St\u00e5lbjelkebruer med samvirke st\u00e5l\/betong. Ett- og tre-spenns bruer. Fjesetbrua, S\u00f8r-Tr\u00f8ndelag. St\u00e5lbjelkebru med samvirke st\u00e5l\/betong. Tre spenn, brulengde 205meter (2&#215;87.5 + 30). Montasjeplaner og -beregninger for montering av st\u00e5lbruer, f.eks.: Fjesetbrua, st\u00e5lbjelkebru, S\u00f8r-Tr\u00f8ndelag. Lansering i kurve. Partihallsbroarna, G\u00f6teborg, med lengde 1,2km som binder sammen motorvei E20&hellip;<\/p>\n<p><a class=\"more-link\" href=\"https:\/\/www.ideateam.no\/no\/broer\/\" title=\"Continue reading &lsquo;Broer&rsquo;\">Continue reading <span class=\"meta-nav\">&rarr;<\/span><\/a><\/p>\n","protected":false},"author":5,"featured_media":0,"parent":0,"menu_order":0,"comment_status":"open","ping_status":"open","template":"","meta":{"ngg_post_thumbnail":0,"footnotes":""},"class_list":["post-53","page","type-page","status-publish","hentry"],"_links":{"self":[{"href":"https:\/\/www.ideateam.no\/no\/wp-json\/wp\/v2\/pages\/53","targetHints":{"allow":["GET"]}}],"collection":[{"href":"https:\/\/www.ideateam.no\/no\/wp-json\/wp\/v2\/pages"}],"about":[{"href":"https:\/\/www.ideateam.no\/no\/wp-json\/wp\/v2\/types\/page"}],"author":[{"embeddable":true,"href":"https:\/\/www.ideateam.no\/no\/wp-json\/wp\/v2\/users\/5"}],"replies":[{"embeddable":true,"href":"https:\/\/www.ideateam.no\/no\/wp-json\/wp\/v2\/comments?post=53"}],"version-history":[{"count":3,"href":"https:\/\/www.ideateam.no\/no\/wp-json\/wp\/v2\/pages\/53\/revisions"}],"predecessor-version":[{"id":268,"href":"https:\/\/www.ideateam.no\/no\/wp-json\/wp\/v2\/pages\/53\/revisions\/268"}],"wp:attachment":[{"href":"https:\/\/www.ideateam.no\/no\/wp-json\/wp\/v2\/media?parent=53"}],"curies":[{"name":"wp","href":"https:\/\/api.w.org\/{rel}","templated":true}]}}